{"id":10,"date":"2020-05-05T22:25:35","date_gmt":"2020-05-05T22:25:35","guid":{"rendered":"https:\/\/rvk-fotografie.de\/?page_id=10"},"modified":"2024-02-07T16:40:01","modified_gmt":"2024-02-07T16:40:01","slug":"home","status":"publish","type":"page","link":"https:\/\/rvk-fotografie.de\/en\/","title":{"rendered":"Fotograf Hamburg"},"content":{"rendered":"<div class=\"gb-container gb-container-65b78487 alignfull\">\n\n<figure class=\"gb-block-image gb-block-image-45dd21f5\"><img decoding=\"async\" width=\"1280\" height=\"741\" class=\"gb-image gb-image-45dd21f5 alignfull\" src=\"https:\/\/rvk-fotografie.de\/wp-content\/uploads\/2024\/01\/baby-fotoshooting-hamburg-0081.jpg\" alt=\"Baby Fotoshooting in Hamburg zuhause mit Tageslicht von Neugeborenen und Babys in entspannter Atmosph\u00e4re mit der Familie und den Geschwisterkindern vom Babyfotografen verheiratet mit Hebamme. Viel Erfahrung und Zeit f\u00fcr das Homeshooting mit authentischen Babyfotos und Babybildern. Nat\u00fcrliche, direkte, einf\u00fchlsame, individuelle, authentische, aufmerksame Babyfotografie und Neugeborenenfotografie im ersten Monat oder sp\u00e4ter im ersten Jahr in Hamburg\" title=\"Baby Fotoshooting zuhause in Hamburg\" srcset=\"https:\/\/rvk-fotografie.de\/wp-content\/uploads\/2024\/01\/baby-fotoshooting-hamburg-0081.jpg 1280w, https:\/\/rvk-fotografie.de\/wp-content\/uploads\/2024\/01\/baby-fotoshooting-hamburg-0081-300x174.jpg 300w, https:\/\/rvk-fotografie.de\/wp-content\/uploads\/2024\/01\/baby-fotoshooting-hamburg-0081-1024x593.jpg 1024w, https:\/\/rvk-fotografie.de\/wp-content\/uploads\/2024\/01\/baby-fotoshooting-hamburg-0081-768x445.jpg 768w, https:\/\/rvk-fotografie.de\/wp-content\/uploads\/2024\/01\/baby-fotoshooting-hamburg-0081-18x10.jpg 18w\" sizes=\"(max-width: 1280px) 100vw, 1280px\" \/><\/figure>\n\n<\/div>\n\n\n<div style=\"height:50px\" aria-hidden=\"true\" class=\"wp-block-spacer\"><\/div>\n\n\n<div class=\"gb-container gb-container-088133e4\"><div class=\"gb-inside-container\">\n<div class=\"gb-grid-wrapper gb-grid-wrapper-9f1443f1\">\n<div class=\"gb-grid-column gb-grid-column-13ba4ec0\"><div class=\"gb-container gb-container-13ba4ec0\"><div class=\"gb-inside-container\">\n\n<h3 class=\"wp-block-heading has-text-align-center animated fadeIn\">Everything for the family...<\/h3>\n\n\n\n<p class=\"animated fadeIn\">That's why I photograph the little ones, the tiny ones, the freshly hatched ones and the ones still in the belly with dedication and passion. My partner Anja is a midwife in Hamburg and we have 2 children together.<\/p>\n\n<\/div><\/div><\/div>\n<\/div>\n<\/div><\/div>\n\n<div class=\"gb-container gb-container-0fe13604 alignfull\"><div class=\"gb-inside-container\">\n<div class=\"gb-grid-wrapper gb-grid-wrapper-d3131d46\">\n<div class=\"gb-grid-column gb-grid-column-e80ffb8e\"><div class=\"gb-container gb-container-e80ffb8e\"><div class=\"gb-inside-container\">\n\n<figure class=\"gb-block-image gb-block-image-7f9e4c4e\"><a href=\"https:\/\/rvk-fotografie.de\/en\/baby-fotoshooting\/\"><img decoding=\"async\" width=\"1600\" height=\"1065\" class=\"gb-image gb-image-7f9e4c4e animated fadeIn\" src=\"https:\/\/rvk-fotografie.de\/wp-content\/uploads\/2022\/11\/baby-fotoshooting112.jpg\" alt=\"Baby Zwillinge nebeneinander auf dem Bauch liegend mit dem Finger im Mund beim Baby Fotoshooting in Hamburg Rotherbaum\" title=\"Baby Fotoshooting Zwillinge Hamburg\" srcset=\"https:\/\/rvk-fotografie.de\/wp-content\/uploads\/2022\/11\/baby-fotoshooting112.jpg 1600w, https:\/\/rvk-fotografie.de\/wp-content\/uploads\/2022\/11\/baby-fotoshooting112-300x200.jpg 300w, https:\/\/rvk-fotografie.de\/wp-content\/uploads\/2022\/11\/baby-fotoshooting112-1024x682.jpg 1024w, https:\/\/rvk-fotografie.de\/wp-content\/uploads\/2022\/11\/baby-fotoshooting112-768x511.jpg 768w, https:\/\/rvk-fotografie.de\/wp-content\/uploads\/2022\/11\/baby-fotoshooting112-1536x1022.jpg 1536w, https:\/\/rvk-fotografie.de\/wp-content\/uploads\/2022\/11\/baby-fotoshooting112-18x12.jpg 18w\" sizes=\"(max-width: 1600px) 100vw, 1600px\" \/><\/a><\/figure>\n\n<\/div><\/div><\/div>\n\n<div class=\"gb-grid-column gb-grid-column-df26c6c9\"><div class=\"gb-container gb-container-df26c6c9\"><div class=\"gb-inside-container\">\n<div class=\"gb-container gb-container-826d0dd4\"><div class=\"gb-inside-container\">\n\n<h2 class=\"wp-block-heading has-text-align-center animated fadeIn\">Baby Photo Shoot<\/h2>\n\n\n\n<p class=\"has-text-align-left animated fadeIn\">Natural newborn &amp; baby photography with lots of time, patience and experience at your home<\/p>\n\n\n<div class=\"gb-container gb-container-702185df\">\n\n<a class=\"gb-button gb-button-2f733c64 gb-button-text\" href=\"https:\/\/rvk-fotografie.de\/en\/baby-fotoshooting\/\">\u279c more about the baby photo shoot<\/a>\n\n<\/div>\n<\/div><\/div>\n<\/div><\/div><\/div>\n<\/div>\n<\/div><\/div>\n\n<div class=\"gb-container gb-container-e79d4210 alignfull\"><div class=\"gb-inside-container\">\n<div class=\"gb-grid-wrapper gb-grid-wrapper-60bc4add\">\n<div class=\"gb-grid-column gb-grid-column-e4237861\"><div class=\"gb-container gb-container-e4237861\"><div class=\"gb-inside-container\"><\/div><\/div><\/div>\n\n<div class=\"gb-grid-column gb-grid-column-7fae9d7b\"><div class=\"gb-container gb-container-7fae9d7b\"><div class=\"gb-inside-container\">\n<div class=\"gb-container gb-container-219b4737\"><div class=\"gb-inside-container\">\n\n<h2 class=\"wp-block-heading has-text-align-center animated fadeIn\">Kids<\/h2>\n\n\n\n<div style=\"height:10px\" aria-hidden=\"true\" class=\"wp-block-spacer\"><\/div>\n\n\n\n<p class=\"has-text-align-left animated fadeIn\">Autentic family photo shoot at your home<\/p>\n\n\n<div class=\"gb-container gb-container-3dcd6f44\">\n\n<a class=\"gb-button gb-button-6d32098d gb-button-text\" href=\"https:\/\/rvk-fotografie.de\/en\/kinderfotografie\/\">\u279c more about children photography<\/a>\n\n<\/div>\n<\/div><\/div>\n<\/div><\/div><\/div>\n\n<div class=\"gb-grid-column gb-grid-column-23ae7a86\"><div class=\"gb-container gb-container-23ae7a86\"><div class=\"gb-inside-container\">\n\n<figure class=\"wp-block-image size-large animated fadeIn\"><img decoding=\"async\" width=\"1013\" height=\"1024\" src=\"https:\/\/rvk-fotografie.de\/wp-content\/uploads\/2022\/11\/kinderfotografie-hamburg-4-1013x1024.jpg\" alt=\"Close-up vom M\u00e4dchen mit Sommersprossen bei der Familienfotografie und Kinderfotografie mit Tageslicht in Hamburg Altona\" class=\"wp-image-19476\" srcset=\"https:\/\/rvk-fotografie.de\/wp-content\/uploads\/2022\/11\/kinderfotografie-hamburg-4-1013x1024.jpg 1013w, https:\/\/rvk-fotografie.de\/wp-content\/uploads\/2022\/11\/kinderfotografie-hamburg-4-297x300.jpg 297w, https:\/\/rvk-fotografie.de\/wp-content\/uploads\/2022\/11\/kinderfotografie-hamburg-4-768x776.jpg 768w, https:\/\/rvk-fotografie.de\/wp-content\/uploads\/2022\/11\/kinderfotografie-hamburg-4-1520x1536.jpg 1520w, https:\/\/rvk-fotografie.de\/wp-content\/uploads\/2022\/11\/kinderfotografie-hamburg-4-12x12.jpg 12w, https:\/\/rvk-fotografie.de\/wp-content\/uploads\/2022\/11\/kinderfotografie-hamburg-4.jpg 1583w\" sizes=\"(max-width: 1013px) 100vw, 1013px\" \/><\/figure>\n\n<\/div><\/div><\/div>\n<\/div>\n<\/div><\/div>\n\n<div class=\"gb-container gb-container-a4f4eaef alignfull\"><div class=\"gb-inside-container\">\n<div class=\"gb-grid-wrapper gb-grid-wrapper-51e87557\">\n<div class=\"gb-grid-column gb-grid-column-969ace5c\"><div class=\"gb-container gb-container-969ace5c\"><div class=\"gb-inside-container\"><\/div><\/div><\/div>\n\n<div class=\"gb-grid-column gb-grid-column-f70cbaa3\"><div class=\"gb-container gb-container-f70cbaa3\"><div class=\"gb-inside-container\">\n\n<figure class=\"gb-block-image gb-block-image-b9b9a538\"><a href=\"https:\/\/rvk-fotografie.de\/en\/babybauch-shooting-hamburg\/\"><img decoding=\"async\" width=\"1024\" height=\"1024\" class=\"gb-image gb-image-b9b9a538 animated fadeIn\" src=\"https:\/\/rvk-fotografie.de\/wp-content\/uploads\/2022\/11\/babybauchfotos-hamburg-28-1-e1669281135499-1024x1024.jpg\" alt=\"Schwangere schwimmt auf dem R\u00fccken im See und hebt dabei ihren Babybauch aus dem Wasser bei den Babybauchfotos in Hamburg in der Natur\" title=\"Babybauchfotos in Hamburg\" srcset=\"https:\/\/rvk-fotografie.de\/wp-content\/uploads\/2022\/11\/babybauchfotos-hamburg-28-1-e1669281135499-1024x1024.jpg 1024w, https:\/\/rvk-fotografie.de\/wp-content\/uploads\/2022\/11\/babybauchfotos-hamburg-28-1-e1669281135499-300x300.jpg 300w, https:\/\/rvk-fotografie.de\/wp-content\/uploads\/2022\/11\/babybauchfotos-hamburg-28-1-e1669281135499-150x150.jpg 150w, https:\/\/rvk-fotografie.de\/wp-content\/uploads\/2022\/11\/babybauchfotos-hamburg-28-1-e1669281135499-768x768.jpg 768w, https:\/\/rvk-fotografie.de\/wp-content\/uploads\/2022\/11\/babybauchfotos-hamburg-28-1-e1669281135499-12x12.jpg 12w, https:\/\/rvk-fotografie.de\/wp-content\/uploads\/2022\/11\/babybauchfotos-hamburg-28-1-e1669281135499.jpg 1288w\" sizes=\"(max-width: 1024px) 100vw, 1024px\" \/><\/a><\/figure>\n\n<\/div><\/div><\/div>\n\n<div class=\"gb-grid-column gb-grid-column-445506ad\"><div class=\"gb-container gb-container-445506ad\"><div class=\"gb-inside-container\">\n<div class=\"gb-container gb-container-6ef7df8c\"><div class=\"gb-inside-container\">\n\n<h2 class=\"wp-block-heading has-text-align-center animated fadeIn\">Baby Belly<\/h2>\n\n\n\n<p class=\"has-text-align-left animated fadeIn\">Exclusive pregnancy photography in nature<\/p>\n\n\n<div class=\"gb-container gb-container-4ac2fb5f\">\n\n<a class=\"gb-button gb-button-20f0ddf2 gb-button-text\" href=\"https:\/\/rvk-fotografie.de\/en\/babybauch-shooting-hamburg\/\">\u279c more about pregnancy photography<\/a>\n\n<\/div>\n<\/div><\/div>\n<\/div><\/div><\/div>\n<\/div>\n<\/div><\/div>\n\n<div class=\"gb-container gb-container-93fe561a alignfull\"><div class=\"gb-inside-container\">\n<div class=\"gb-grid-wrapper gb-grid-wrapper-de969c48\">\n<div class=\"gb-grid-column gb-grid-column-353d39f5\"><div class=\"gb-container gb-container-353d39f5\"><div class=\"gb-inside-container\"><\/div><\/div><\/div>\n\n<div class=\"gb-grid-column gb-grid-column-77892795\"><div class=\"gb-container gb-container-77892795\"><div class=\"gb-inside-container\">\n<div class=\"gb-container gb-container-5b557377\"><div class=\"gb-inside-container\">\n\n<h2 class=\"wp-block-heading has-text-align-center animated fadeIn\" style=\"line-height:1.5\">Wedding Photographer<\/h2>\n\n\n\n<p class=\"has-text-align-center animated fadeIn\">Authentic wedding stories<\/p>\n\n\n<div class=\"gb-container gb-container-d0c7658d\">\n\n<a class=\"gb-button gb-button-cf8d638f gb-button-text\" href=\"https:\/\/rvk-fotografie.de\/en\/hochzeitsfotograf-hamburg\/\">\u279c more about wedding photography<\/a>\n\n<\/div>\n<\/div><\/div>\n<\/div><\/div><\/div>\n\n<div class=\"gb-grid-column gb-grid-column-4bef43d3\"><div class=\"gb-container gb-container-4bef43d3\"><div class=\"gb-inside-container\">\n\n<figure class=\"gb-block-image gb-block-image-cdb31ca8\"><a href=\"https:\/\/rvk-fotografie.de\/en\/hochzeitsfotograf-hamburg\/\"><img decoding=\"async\" width=\"1024\" height=\"684\" class=\"gb-image gb-image-cdb31ca8 animated fadeIn\" src=\"https:\/\/rvk-fotografie.de\/wp-content\/uploads\/2022\/11\/hochzeitsreportage-hamburg-hochzeitsfotograf-42-1024x684.jpg\" alt=\"Der Br\u00e4utigam hilft seiner Braut in ein Ruderboot am Bobby Reich Bootsteg an der Au\u00dfenalster in Harvestehude beim Hochzeitsfotograf Hamburg\" title=\"Hochzeitsreportage in Eppendorf, Harvestehude und an der Alster vom Hochzeitsfotograf Hamburg\" srcset=\"https:\/\/rvk-fotografie.de\/wp-content\/uploads\/2022\/11\/hochzeitsreportage-hamburg-hochzeitsfotograf-42-1024x684.jpg 1024w, https:\/\/rvk-fotografie.de\/wp-content\/uploads\/2022\/11\/hochzeitsreportage-hamburg-hochzeitsfotograf-42-300x200.jpg 300w, https:\/\/rvk-fotografie.de\/wp-content\/uploads\/2022\/11\/hochzeitsreportage-hamburg-hochzeitsfotograf-42-768x513.jpg 768w, https:\/\/rvk-fotografie.de\/wp-content\/uploads\/2022\/11\/hochzeitsreportage-hamburg-hochzeitsfotograf-42-1536x1025.jpg 1536w, https:\/\/rvk-fotografie.de\/wp-content\/uploads\/2022\/11\/hochzeitsreportage-hamburg-hochzeitsfotograf-42-18x12.jpg 18w, https:\/\/rvk-fotografie.de\/wp-content\/uploads\/2022\/11\/hochzeitsreportage-hamburg-hochzeitsfotograf-42.jpg 1600w\" sizes=\"(max-width: 1024px) 100vw, 1024px\" \/><\/a><\/figure>\n\n<\/div><\/div><\/div>\n<\/div>\n<\/div><\/div>\n\n<div class=\"gb-container gb-container-6c498904 alignwide\"><div class=\"gb-inside-container\">\n<div class=\"gb-grid-wrapper gb-grid-wrapper-e2aa2ff1\">\n<div class=\"gb-grid-column gb-grid-column-ff625170\"><div class=\"gb-container gb-container-ff625170\"><div class=\"gb-inside-container\">\n\n<div style=\"height:50px\" aria-hidden=\"true\" class=\"wp-block-spacer\"><\/div>\n\n\n\n<p class=\"animated fadeIn\">In my fine art print studio I produce prints of a special kind. Birth cards and wedding cards on soft fine art paper made of cotton with a personal touch. <\/p>\n\n\n\n<div style=\"height:50px\" aria-hidden=\"true\" class=\"wp-block-spacer\"><\/div>\n\n<\/div><\/div><\/div>\n\n<div class=\"gb-grid-column gb-grid-column-e8ae15be\"><div class=\"gb-container gb-container-e8ae15be\"><div class=\"gb-inside-container\"><\/div><\/div><\/div>\n<\/div>\n<\/div><\/div>\n\n<div class=\"gb-container gb-container-94c35294 alignfull\"><div class=\"gb-inside-container\">\n<div class=\"gb-grid-wrapper gb-grid-wrapper-64a37bf8\">\n<div class=\"gb-grid-column gb-grid-column-52803e7f\"><div class=\"gb-container gb-container-52803e7f\"><div class=\"gb-inside-container\"><\/div><\/div><\/div>\n\n<div class=\"gb-grid-column gb-grid-column-b18d6305\"><div class=\"gb-container gb-container-b18d6305\"><div class=\"gb-inside-container\">\n<div class=\"gb-container gb-container-9d62d763\"><div class=\"gb-inside-container\">\n\n<h2 class=\"wp-block-heading has-text-align-center animated fadeIn\" style=\"line-height:1.5\">Print Products<\/h2>\n\n\n\n<p class=\"has-text-align-left animated fadeIn\">Birth Cards on Fine Art Cotton Paper from my Fine Art Studio<\/p>\n\n\n<div class=\"gb-container gb-container-bbcc0bbb\">\n\n<a class=\"gb-button gb-button-8b175ab6 gb-button-text\" href=\"https:\/\/rvk-fotografie.de\/en\/dankeskarten-geburt\/\">\u279c more about my print products<\/a>\n\n<\/div>\n<\/div><\/div>\n<\/div><\/div><\/div>\n\n<div class=\"gb-grid-column gb-grid-column-7bd7e848\"><div class=\"gb-container gb-container-7bd7e848\"><div class=\"gb-inside-container\">\n\n<figure class=\"gb-block-image gb-block-image-b9da8630\"><a href=\"https:\/\/rvk-fotografie.de\/en\/dankeskarten-geburt\/\"><img decoding=\"async\" width=\"600\" height=\"400\" class=\"gb-image gb-image-b9da8630 animated fadeIn\" src=\"https:\/\/rvk-fotografie.de\/wp-content\/uploads\/2023\/06\/fine-art-geburtskarte-hamburg-0605.jpg\" alt=\"\" title=\"fine-art-geburtskarte-hamburg-0605\"\/><\/a><\/figure>\n\n<\/div><\/div><\/div>\n<\/div>\n<\/div><\/div>","protected":false},"excerpt":{"rendered":"<p>Ralph von Kaufmann hei\u00dft euch willkommen auf seiner Homepage.<br \/>\nHochzeitsreportagen, Baby Fotoshootings, Kinderfotografie, Familienfotografie, Babybauchfotos.<br \/>\nDazu Dankeskarten zur Geburt und Hochzeit als Fine Art Pigment Print auf einem weichen Baumwollpapier im eigenen Fine Art Print Atelier. <\/p>","protected":false},"author":5,"featured_media":6916,"parent":0,"menu_order":0,"comment_status":"closed","ping_status":"closed","template":"","meta":{"footnotes":""},"class_list":["post-10","page","type-page","status-publish","has-post-thumbnail","hentry"],"blocksy_meta":{"page_title_panel":"","has_hero_section":"disabled","89b38e94ad15e4c38f9b1cc1091c7434":"","hero_section":"type-1","hero_elements":[{"id":"custom_title","enabled":true,"heading_tag":"h1","title":"Home"},{"id":"custom_description","enabled":true,"description_visibility":{"desktop":true,"tablet":true,"mobile":false}},{"id":"custom_meta","enabled":true,"has_meta_avatar":"yes","single_meta_elements":{"author":false,"date":false,"categories":false,"comments":false,"updated":false,"tags":false},"page_meta_elements":{"joined":true,"articles_count":true,"comments":true}},{"id":"breadcrumbs","enabled":false}],"dfead6454db2cc76f0d67be1b69c0f18":"","hero_alignment1":"left","hero_alignment2":"center","hero_height":"230px","page_title_bg_type":"color","custom_hero_background":{"attachment_id":null},"parallax":{"desktop":false,"tablet":false,"mobile":false},"pageTitleFont":{"family":"Default","variation":"Default","size":{"desktop":"32px","tablet":"30px","mobile":"25px"},"line-height":"1.3","letter-spacing":"CT_CSS_SKIP_RULE","text-transform":"CT_CSS_SKIP_RULE","text-decoration":"CT_CSS_SKIP_RULE"},"pageTitleFontColor":{"default":{"color":"CT_CSS_SKIP_RULEDEFAULT"}},"pageMetaFont":{"family":"Default","variation":"n6","size":{"desktop":"12px","tablet":"12px","mobile":"12px"},"line-height":"1.3","letter-spacing":"CT_CSS_SKIP_RULE","text-transform":"uppercase","text-decoration":"CT_CSS_SKIP_RULE"},"pageMetaFontColor":{"default":{"color":"CT_CSS_SKIP_RULEDEFAULT"},"hover":{"color":"CT_CSS_SKIP_RULEDEFAULT"}},"pageExcerptFont":{"family":"Default","variation":"n5","size":"CT_CSS_SKIP_RULE","line-height":"CT_CSS_SKIP_RULE","letter-spacing":"CT_CSS_SKIP_RULE","text-transform":"CT_CSS_SKIP_RULE","text-decoration":"CT_CSS_SKIP_RULE"},"pageExcerptColor":{"default":{"color":"CT_CSS_SKIP_RULEDEFAULT"}},"breadcrumbsFont":{"family":"Default","variation":"n6","size":"12px","line-height":"CT_CSS_SKIP_RULE","letter-spacing":"CT_CSS_SKIP_RULE","text-transform":"uppercase","text-decoration":"CT_CSS_SKIP_RULE"},"breadcrumbsFontColor":{"default":{"color":"CT_CSS_SKIP_RULEDEFAULT"},"initial":{"color":"CT_CSS_SKIP_RULEDEFAULT"},"hover":{"color":"CT_CSS_SKIP_RULEDEFAULT"}},"pageTitleOverlay":{"default":{"color":"rgba(41, 51, 60, 0.2)"}},"pageTitleBackground":{"background_type":"color","background_pattern":"type-1","background_image":{"attachment_id":null,"x":0,"y":0},"background_repeat":"no-repeat","background_size":"auto","background_attachment":"scroll","patternColor":{"default":{"color":"#e5e7ea"}},"backgroundColor":{"default":{"color":"#EDEFF2"}}},"4da9ec204009562536fc9cef15fb1718":"","page_structure_type":"default","page_enable_vertical_spacing":"yes","699b2ceb9a111acbeaccb9343a9c6b64":"","disable_featured_image":"no","cbb3aa4bfedcd118c15eb7124cbb4d08":"","7b7de431b1a6636b90e91c49f22c0ac4":"","hero_structure":"narrow","f5f58014cd3849913759b14c091ae3a4":"","d6a8d96dfd2e2e8737b19b827b186d98":"","styles_descriptor":{"styles":{"desktop":"","tablet":"","mobile":""},"google_fonts":[],"version":6}},"_links":{"self":[{"href":"https:\/\/rvk-fotografie.de\/en\/wp-json\/wp\/v2\/pages\/10","targetHints":{"allow":["GET"]}}],"collection":[{"href":"https:\/\/rvk-fotografie.de\/en\/wp-json\/wp\/v2\/pages"}],"about":[{"href":"https:\/\/rvk-fotografie.de\/en\/wp-json\/wp\/v2\/types\/page"}],"author":[{"embeddable":true,"href":"https:\/\/rvk-fotografie.de\/en\/wp-json\/wp\/v2\/users\/5"}],"replies":[{"embeddable":true,"href":"https:\/\/rvk-fotografie.de\/en\/wp-json\/wp\/v2\/comments?post=10"}],"version-history":[{"count":55,"href":"https:\/\/rvk-fotografie.de\/en\/wp-json\/wp\/v2\/pages\/10\/revisions"}],"predecessor-version":[{"id":20556,"href":"https:\/\/rvk-fotografie.de\/en\/wp-json\/wp\/v2\/pages\/10\/revisions\/20556"}],"wp:featuredmedia":[{"embeddable":true,"href":"https:\/\/rvk-fotografie.de\/en\/wp-json\/wp\/v2\/media\/6916"}],"wp:attachment":[{"href":"https:\/\/rvk-fotografie.de\/en\/wp-json\/wp\/v2\/media?parent=10"}],"curies":[{"name":"wp","href":"https:\/\/api.w.org\/{rel}","templated":true}]}}