{"id":14550,"date":"2020-06-18T19:00:29","date_gmt":"2020-06-18T19:00:29","guid":{"rendered":"https:\/\/rvk-fotografie.de\/?page_id=14550"},"modified":"2024-02-07T17:39:37","modified_gmt":"2024-02-07T17:39:37","slug":"geduld-statt-blitz-und-technik","status":"publish","type":"page","link":"https:\/\/rvk-fotografie.de\/en\/geduld-statt-blitz-und-technik\/","title":{"rendered":"Geduld statt Blitz und Technik"},"content":{"rendered":"<div class=\"gb-container gb-container-fa8c5eac alignwide\"><div class=\"gb-inside-container\">\n\n<h1 class=\"wp-block-heading has-text-align-center animated fadeIn has-mobile-text-align-left\">\"Patience instead of flash lights and technology\"<\/h1>\n\n\n\n<h2 class=\"wp-block-heading has-text-align-left animated fadeIn delay-100ms has-mobile-text-align-left\">Interview with journalist Teresa from the online \"ma-gazin\" for mothers<\/h2>\n\n\n\n<p class=\"has-medium-font-size\">\"How does one get from the somewhat dry and number-heavy discipline of economics to photography? For Ralph von Kaufmann, a photographer from Hamburg, all it took was a coffee-table book by the famous war photographer Robert Capa, a good eye and a feel for unique moments. For his newborn, baby and pregnancy photography, he also brings experience, sensitivity and time. All that is needed for a wonderful, natural baby photo shoot.<\/p>\n\n\n\n<p class=\"has-medium-font-size\">A pair of baby twins snuggle up to each other or lie opposite each other, sleeping peacefully - relaxed, calm, harmonious. For Ralph von Kaufmann, this is exactly the right moment to press the shutter. The photographer from Hamburg has the best prerequisites for a great baby photo shoot with excellent results: Experience through many years of photo work, patience and sensitivity through his own children and a priceless knowledge of how to deal with newborns, their parents and mothers-to-be, through his wife, who is a midwife. It's hard to believe that for Ralph it all began with a degree in economics and the photographer Robert Capa. A picture book by the famous war photographer provided the initial spark for the current profession, but the economics studies were still completed. Just in case!<\/p>\n\n\n\n<p class=\"has-medium-font-size\">Ralph is not fixed in terms of subject matter. In addition to advertising and interior photography, reportage and portrait photography, at some point he also included expectant mothers and fathers and babies and their parents in his repertoire of motifs. It is above all the naturalness that inspires him in his little \"models\" and completely sets them apart from the artificiality of advertising photography. And, in order to emphasise precisely this unmistakable purity, the photographer completely dispenses with a cool studio atmosphere, flash, additional accessories, such as cuddly toys, and unnecessary technology in his baby photo shoots. Only the natural daylight, a heat lamp brought along and the cosy and comfortable atmosphere of your own four walls provide the perfect conditions for beautiful pictures and a relaxed basic feeling for mother, father and child.<\/p>\n\n\n\n<p class=\"has-medium-font-size\">It is above all the play with selective focus and the sometimes unusual choice of perspective that make Ralph's photos special and unique - as far as technique is concerned. He also has an incredibly good eye and a feeling for the right moment. His images are clear and expressive, artistically very appealing and do not need warm colouring to convey emotion and intimacy. Ralph's unique style brings him commissions mainly from clients who are themselves active in the visual field. Above all, however, they appreciate his calm, patient approach to babies and his ability to ease the parents' excitement. For him, it is important that the chemistry is right. And to gain the trust of the little ones, he also likes to carry them around before the shoot begins.<\/p>\n\n\n\n<p class=\"has-medium-font-size\">Ralph usually sets three hours for a photo session, as he can never predict how well or badly it will go. Every shoot is different and a challenge - just like the babies themselves. Many of the wonderful shots come out of spontaneous movements, grimaces and actions of the children and this works best, in Ralph's experience, when he arrives at the family's home in the morning. The newborns are usually in a good mood and most relaxed at this time of day. For Ralph, there are two time windows that are perfect for a portrait session with babies: In the first six weeks after birth for newborn photography and after five months when you want slightly more lively and active images. Whatever you choose, with Ralph von Kaufmann you have a photographer by your side who can empathise with his human subjects, takes his time and takes really fantastic, authentic photos of you and your love. Without flash and without decoration, just as you are - pure and beautiful.\"<\/p>\n\n<\/div><\/div>\n\n\n<div style=\"height:50px\" aria-hidden=\"true\" class=\"wp-block-spacer\"><\/div>\n\n\n\n<div class=\"wp-block-group alignfull mb-0 is-layout-constrained wp-block-group-is-layout-constrained\"><div class=\"gb-container gb-container-4f548d18\">\n\n<h4 class=\"wp-block-heading has-text-align-center has-large-font-size\">other topics for you...<\/h4>\n\n<\/div>\n\n\n<div style=\"height:20px\" aria-hidden=\"true\" class=\"wp-block-spacer\"><\/div>\n\n\n\n<div class=\"wp-block-columns alignfull is-layout-flex wp-container-core-columns-is-layout-d7d455e7 wp-block-columns-is-layout-flex\" style=\"padding-top:0;padding-right:0;padding-bottom:0;padding-left:0\">\n<div class=\"wp-block-column flip-box is-layout-flow wp-block-column-is-layout-flow\">\n<div class=\"wp-block-group animated fadeIn is-layout-constrained wp-container-core-group-is-layout-adeeb09d wp-block-group-is-layout-constrained\" style=\"padding-top:0;padding-right:0;padding-bottom:0;padding-left:0\">\n<figure class=\"wp-block-image aligncenter size-thumbnail has-custom-border is-style-default\"><a href=\"https:\/\/rvk-fotografie.de\/en\/baby-fotoshooting\/\"><img decoding=\"async\" width=\"150\" height=\"150\" src=\"https:\/\/rvk-fotografie.de\/wp-content\/uploads\/2017\/04\/babyfotografie-hamburg-14-150x150.jpg\" alt=\"Lachendes Babygesicht beim Baby Fotoshooting mit dem Tageslicht\" class=\"has-border-color has-palette-color-2-border-color wp-image-6800\" style=\"border-width:8px;border-radius:100px\"\/><\/a><\/figure>\n\n\n\n<p class=\"has-text-align-center\"><a href=\"https:\/\/rvk-fotografie.de\/en\/baby-fotoshooting\/\" data-type=\"page\" data-id=\"11271\">Natural baby photo shoot at home in Hamburg<\/a><\/p>\n<\/div>\n<\/div>\n\n\n\n<div class=\"wp-block-column is-layout-flow wp-block-column-is-layout-flow\">\n<div class=\"wp-block-group animated fadeIn is-layout-constrained wp-container-core-group-is-layout-adeeb09d wp-block-group-is-layout-constrained\" style=\"padding-top:0;padding-right:0;padding-bottom:0;padding-left:0\">\n<figure class=\"wp-block-image aligncenter size-thumbnail has-custom-border is-style-default\"><a href=\"https:\/\/rvk-fotografie.de\/en\/hochzeitsfotograf-hamburg\/\"><img decoding=\"async\" width=\"150\" height=\"150\" src=\"https:\/\/rvk-fotografie.de\/wp-content\/uploads\/2017\/03\/hochzeitsreportage-hamburg-hochzeitsfotograf-42-150x150.jpg\" alt=\"Der Br\u00e4utigam hilft seiner Braut in ein Ruderboot am Bobby Reich Bootsteg an der Au\u00dfenalster in Harvestehude beim Hochzeitsfotograf Hamburg\" class=\"has-border-color has-palette-color-2-border-color wp-image-8317\" style=\"border-width:8px;border-radius:100px\"\/><\/a><\/figure>\n\n\n\n<p class=\"has-text-align-center\"><a href=\"https:\/\/rvk-fotografie.de\/en\/hochzeitsfotograf-hamburg\/\" data-type=\"page\" data-id=\"11273\">Wedding Photographer<\/a><\/p>\n<\/div>\n<\/div>\n\n\n\n<div class=\"wp-block-column is-layout-flow wp-block-column-is-layout-flow\">\n<div class=\"wp-block-group animated fadeIn is-layout-constrained wp-container-core-group-is-layout-adeeb09d wp-block-group-is-layout-constrained\" style=\"padding-top:0;padding-right:0;padding-bottom:0;padding-left:0\">\n<figure class=\"wp-block-image aligncenter size-thumbnail has-custom-border is-style-default\"><a href=\"https:\/\/rvk-fotografie.de\/en\/kinderfotografie\/\"><img decoding=\"async\" width=\"150\" height=\"150\" src=\"https:\/\/rvk-fotografie.de\/wp-content\/uploads\/2017\/03\/kinderfotografie-hamburg-35-150x150.jpg\" alt=\"Lachender Junge bei der Kinderfotografie zuhause in Hamburg Altona\" class=\"has-border-color has-palette-color-2-border-color wp-image-7133\" style=\"border-width:8px;border-radius:100px\"\/><\/a><\/figure>\n\n\n\n<p class=\"has-text-align-center\"><a href=\"https:\/\/rvk-fotografie.de\/en\/kinderfotografie\/\" data-type=\"page\" data-id=\"13812\">Authentic children's photography in Hamburg<\/a><\/p>\n<\/div>\n<\/div>\n\n\n\n<div class=\"wp-block-column is-layout-flow wp-block-column-is-layout-flow\">\n<div class=\"wp-block-group animated fadeIn is-layout-constrained wp-container-core-group-is-layout-adeeb09d wp-block-group-is-layout-constrained\" style=\"padding-top:0;padding-right:0;padding-bottom:0;padding-left:0\">\n<figure class=\"wp-block-image aligncenter size-thumbnail has-custom-border is-style-default\"><a href=\"https:\/\/rvk-fotografie.de\/en\/babybauch-shooting-hamburg\/\"><img decoding=\"async\" width=\"150\" height=\"150\" src=\"https:\/\/rvk-fotografie.de\/wp-content\/uploads\/2022\/10\/babybauchfotos-hamburg-8-150x150.jpg\" alt=\"Mama steht im Wasser vom See mit ihren H\u00e4nden anm Babybauch bei den Babybauchfotos in Hamburg outdoor in der Natur\" class=\"has-border-color has-palette-color-2-border-color wp-image-17272\" style=\"border-width:8px;border-radius:100px\"\/><\/a><\/figure>\n\n\n\n<p class=\"has-text-align-center\"><a href=\"https:\/\/rvk-fotografie.de\/en\/babybauchfotos-hamburg\/\" data-type=\"page\" data-id=\"13680\">Exclusive babybelly photos in nature<\/a><\/p>\n<\/div>\n<\/div>\n<\/div>\n<\/div>","protected":false},"excerpt":{"rendered":"<p> F\u00fcr seine Neugeborenen-, Baby- und Schwangerenfotografie bringt Ralph Erfahrung, Sensibilit\u00e4t und Zeit mit. All das, was man f\u00fcr ein wunderbares, nat\u00fcrliches Babyfotoshooting zu hause braucht.<\/p>","protected":false},"author":5,"featured_media":6848,"parent":0,"menu_order":0,"comment_status":"closed","ping_status":"closed","template":"","meta":{"footnotes":""},"class_list":["post-14550","page","type-page","status-publish","has-post-thumbnail","hentry"],"blocksy_meta":{"styles_descriptor":{"styles":{"desktop":"","tablet":"","mobile":""},"google_fonts":[],"version":6}},"_links":{"self":[{"href":"https:\/\/rvk-fotografie.de\/en\/wp-json\/wp\/v2\/pages\/14550","targetHints":{"allow":["GET"]}}],"collection":[{"href":"https:\/\/rvk-fotografie.de\/en\/wp-json\/wp\/v2\/pages"}],"about":[{"href":"https:\/\/rvk-fotografie.de\/en\/wp-json\/wp\/v2\/types\/page"}],"author":[{"embeddable":true,"href":"https:\/\/rvk-fotografie.de\/en\/wp-json\/wp\/v2\/users\/5"}],"replies":[{"embeddable":true,"href":"https:\/\/rvk-fotografie.de\/en\/wp-json\/wp\/v2\/comments?post=14550"}],"version-history":[{"count":19,"href":"https:\/\/rvk-fotografie.de\/en\/wp-json\/wp\/v2\/pages\/14550\/revisions"}],"predecessor-version":[{"id":20608,"href":"https:\/\/rvk-fotografie.de\/en\/wp-json\/wp\/v2\/pages\/14550\/revisions\/20608"}],"wp:featuredmedia":[{"embeddable":true,"href":"https:\/\/rvk-fotografie.de\/en\/wp-json\/wp\/v2\/media\/6848"}],"wp:attachment":[{"href":"https:\/\/rvk-fotografie.de\/en\/wp-json\/wp\/v2\/media?parent=14550"}],"curies":[{"name":"wp","href":"https:\/\/api.w.org\/{rel}","templated":true}]}}