{"id":14557,"date":"2020-06-18T19:05:43","date_gmt":"2020-06-18T19:05:43","guid":{"rendered":"https:\/\/rvk-fotografie.de\/?page_id=14557"},"modified":"2025-12-26T12:47:19","modified_gmt":"2025-12-26T12:47:19","slug":"preisliste","status":"publish","type":"page","link":"https:\/\/rvk-fotografie.de\/en\/preisliste\/","title":{"rendered":"Price List"},"content":{"rendered":"<div style=\"height:50px\" aria-hidden=\"true\" class=\"wp-block-spacer\"><\/div>\n\n\n<div class=\"gb-container gb-container-339cf2dc\"><div class=\"gb-inside-container\">\n\n<h1 class=\"wp-block-heading has-text-align-center animated fadeIn\">Prices for Photo Shoots<\/h1>\n\n\n\n<h2 class=\"wp-block-heading has-text-align-center animated fadeIn\">\"Baby-Package\"<\/h2>\n\n\n\n<h2 class=\"wp-block-heading has-text-align-center animated fadeIn has-palette-color-4-color has-text-color\">\u20ac 285,&#8211;<\/h2>\n\n\n\n<p class=\"has-text-align-center animated fadeIn has-palette-color-4-color has-text-color has-medium-font-size\">For families with babies in the first year of life<\/p>\n\n\n\n<p class=\"animated fadeIn has-palette-color-4-color has-text-color has-medium-font-size\">\u279c Baby photo shoot with plenty of time and patience at your home (approx. 2-3 hours)*.<\/p>\n\n\n\n<p class=\"animated fadeIn has-palette-color-4-color has-text-color has-medium-font-size\">\u279c a photo shoot for the whole family: mum, dad, siblings are of course included at no extra cost<\/p>\n\n\n\n<p class=\"animated fadeIn has-palette-color-4-color has-text-color has-medium-font-size\">\u279c 10 photos in colour or black and white as individually edited and retouched image files** in high resolution and as fine art pigment prints in size S (21 x 14.8 cm) from my fine art print studio.<\/p>\n\n\n\n<p class=\"animated fadeIn has-palette-color-4-color has-text-color has-medium-font-size\">\u279c free approach in the Hamburg city area.<\/p>\n\n\n\n<p class=\"animated fadeIn has-palette-color-4-color has-text-color has-medium-font-size\">\u279c Large selection sheets on photographic paper.<\/p>\n\n\n\n<h3 class=\"wp-block-heading\">Picture Packages:<\/h3>\n\n\n\n<p class=\"animated fadeIn has-palette-color-4-color has-text-color has-medium-font-size\">\u279c 1 additional photo in colour or black and white as an individually edited and retouched image file in high resolution and as a fine art pigment print in size S (21 x 14.8 cm) for \u20ac13.00.<\/p>\n\n\n\n<p class=\"animated fadeIn has-palette-color-4-color has-text-color has-medium-font-size\">\u279c 10 additional photos in colour or black and white as individually edited and retouched image files in high resolution and as fine art pigment prints in size S (21 x 14.8 cm) for \u20ac120.00.<\/p>\n\n<\/div><\/div>\n\n<div class=\"gb-container gb-container-7aadd868\"><div class=\"gb-inside-container\">\n\n<hr class=\"wp-block-separator has-text-color has-palette-color-2-color has-alpha-channel-opacity has-palette-color-2-background-color has-background is-style-wide\"\/>\n\n<\/div><\/div>\n\n\n<div style=\"height:50px\" aria-hidden=\"true\" class=\"wp-block-spacer\"><\/div>\n\n\n<div class=\"gb-container gb-container-40895ab1\"><div class=\"gb-inside-container\">\n\n<h2 class=\"wp-block-heading has-text-align-center animated fadeIn\">&#8222;Junior-Package&#8220;<\/h2>\n\n\n\n<h2 class=\"wp-block-heading has-text-align-center animated fadeIn\">\u20ac 160,&#8211;<\/h2>\n\n\n\n<p class=\"has-text-align-center animated fadeIn has-medium-font-size\">For families with children from 1 year<\/p>\n\n\n\n<p class=\"animated fadeIn has-medium-font-size\">\u279c 1 hour of family and children's photography, including set-up and dismantling at your home or at your desired location*.<\/p>\n\n\n\n<p class=\"animated fadeIn has-medium-font-size\">\u279c a photo shoot for the whole family: mum, dad, siblings are of course included at no extra cost<\/p>\n\n\n\n<p class=\"animated fadeIn has-medium-font-size\">\u279c 10 photos in colour or black and white as individually edited and retouched image files** in high resolution and as fine art pigment prints in size S (21 x 14.8 cm) from my fine art print studio.<\/p>\n\n\n\n<p class=\"animated fadeIn has-medium-font-size\">\u279c free approach in the Hamburg city area.<\/p>\n\n\n\n<p class=\"animated fadeIn has-medium-font-size\">\u279c Large selection sheets on photographic paper.<\/p>\n\n\n\n<p class=\"animated fadeIn has-medium-font-size\">\u279c Each additional quarter hour costs \u20ac30.00.<\/p>\n\n\n\n<h3 class=\"wp-block-heading\">Picture Packages:<\/h3>\n\n\n\n<p class=\"animated fadeIn has-medium-font-size\">\u279c 1 additional photo in colour or black and white as an individually edited and retouched image file in high resolution and as a fine art pigment print in size S (21 x 14.8 cm) for \u20ac13.00.<\/p>\n\n\n\n<p class=\"animated fadeIn has-medium-font-size\">\u279c 10 additional photos in colour or black and white as individually edited and retouched image files in high resolution and as fine art pigment prints in size S (21 x 14.8 cm) for \u20ac120.00.<\/p>\n\n<\/div><\/div>\n\n<div class=\"gb-container gb-container-7e907b70\"><div class=\"gb-inside-container\">\n\n<hr class=\"wp-block-separator has-text-color has-palette-color-2-color has-alpha-channel-opacity has-palette-color-2-background-color has-background is-style-wide\"\/>\n\n<\/div><\/div>\n\n\n<div style=\"height:50px\" aria-hidden=\"true\" class=\"wp-block-spacer\"><\/div>\n\n\n<div class=\"gb-container gb-container-85cfd096\"><div class=\"gb-inside-container\">\n\n<h2 class=\"wp-block-heading has-text-align-center animated fadeIn\">\"Baby-Belly-Package\"<\/h2>\n\n\n\n<h2 class=\"wp-block-heading has-text-align-center animated fadeIn\">\u20ac 285,&#8211;<\/h2>\n\n\n\n<p class=\"animated fadeIn has-medium-font-size\">\u279c Outdoor baby belly photo shoot<\/p>\n\n\n\n<p class=\"animated fadeIn has-medium-font-size\">\u279c Baby belly photos for the whole family: partner and siblings are of course included at no extra charge.<\/p>\n\n\n\n<p class=\"animated fadeIn has-medium-font-size\">\u279c 10 photos in colour or black and white as individually edited and retouched image files** in high resolution and as fine art pigment prints in size S (21 x 14.8 cm) from my fine art print studio.<\/p>\n\n\n\n<p class=\"animated fadeIn has-medium-font-size\">\u279c Large selection sheets on photographic paper.<\/p>\n\n\n\n<h3 class=\"wp-block-heading\">Picture Packages:<\/h3>\n\n\n\n<p class=\"animated fadeIn has-medium-font-size\">\u279c 1 additional photo in colour or black and white as an individually edited and retouched image file in high resolution and as a fine art pigment print in size S (21 x 14.8 cm) for \u20ac13.00.<\/p>\n\n\n\n<p class=\"animated fadeIn has-medium-font-size\">\u279c 10 additional photos in colour or black and white as individually edited and retouched image files in high resolution and as fine art pigment prints in size S (21 x 14.8 cm) for \u20ac120.00.<\/p>\n\n<\/div><\/div>\n\n<div class=\"gb-container gb-container-c6a98885\"><div class=\"gb-inside-container\">\n\n<hr class=\"wp-block-separator has-text-color has-palette-color-2-color has-alpha-channel-opacity has-palette-color-2-background-color has-background is-style-wide\"\/>\n\n<\/div><\/div>\n\n\n<div style=\"height:50px\" aria-hidden=\"true\" class=\"wp-block-spacer\"><\/div>\n\n\n<div class=\"gb-container gb-container-17a9b816\"><div class=\"gb-inside-container\">\n\n<h2 class=\"wp-block-heading has-text-align-center animated fadeIn\">\"Wedding Stories\"<\/h2>\n\n\n\n<p class=\"animated fadeIn has-medium-font-size\">The prices for wedding reportages vary depending on the effort, duration and distance. I will be happy to make you an offer.<\/p>\n\n<\/div><\/div>\n\n<div class=\"gb-container gb-container-72f53119\"><div class=\"gb-inside-container\">\n\n<hr class=\"wp-block-separator has-text-color has-palette-color-2-color has-alpha-channel-opacity has-palette-color-2-background-color has-background is-style-wide\"\/>\n\n<\/div><\/div>\n\n<div class=\"gb-container gb-container-ace0cba1\"><div class=\"gb-inside-container\">\n\n<p class=\"animated fadeIn has-medium-font-size\">*Approach:<\/p>\n\n\n\n<p class=\"animated fadeIn has-medium-font-size\">\u279c free approach in the Hamburg city area.<\/p>\n\n\n\n<p class=\"animated fadeIn has-medium-font-size\">\u279c \u20ac 35.00 for travelling to the surrounding Hamburg area:<\/p>\n\n\n\n<p class=\"animated fadeIn has-small-font-size\">for example<br>Norderstedt, Quickborn, Ellerau, B\u00f6nningstedt, Pinneberg, Rellingen, Halstenbek-Krupunder, Schenefeld, Wedel, Jork, Buxtehude, Neu-Wulmsdorf, Buchholz, Rosengarten, Bendestorf, Jesteburg, Stelle, Seevetal, Winsen-Luhe, Geestacht, Reinbek, Glinde, Wentorf, Dassendorf, Aum\u00fchle, Oststeinbek, Barsb\u00fcttel, Witzhave, Stapelfeld, Braak, Brunsbek, Siek, Ahrensburg, Gro\u00dfhansdorf, Gro\u00dfensee, Hoisdorf, Ammersbek, Tangstedt<\/p>\n\n\n\n<p class=\"animated fadeIn has-medium-font-size\">\u279c Individual travel flat rates for outside the Hamburg area on request.<\/p>\n\n\n\n<p class=\"animated fadeIn has-small-font-size\">for example<br>Kaltenkirchen, Neum\u00fcnster, Kiel, Bad Bramstedt, Henstedt-Ulzburg, Bad Segeberg, Pl\u00f6n, Eutin, Malente, Itzehoe, Heide, Brunsb\u00fcttel, Stade, Bremen, Rotenburg, Soltau,  Schneverdingen, Bispingen, Munster, Celle, Hannover, Uelzen, Bad Bevensen, L\u00fcneburg, Lauenburg, Schwarzenbek, B\u00fcchen, M\u00f6lln, Ratzeburg, Trittau, L\u00fctjensee, Bargteheide, Bad Oldesloe, Reinfeld, L\u00fcbeck, Bad Schwartau, Travem\u00fcnde, Timmendorfer-Strand, Scharbeutz<\/p>\n\n\n\n<p class=\"animated fadeIn has-medium-font-size\">\u279c Photo shoots on Sundays or public holidays: + \u20ac30<\/p>\n\n\n\n<p class=\"has-medium-font-size\">**Image File:<\/p>\n\n\n\n<p class=\"has-medium-font-size\">The delivery of unedited images and RAW image files is not included and not part of the photo shoot.<\/p>\n\n<\/div><\/div>\n\n\n<div style=\"height:100px\" aria-hidden=\"true\" class=\"wp-block-spacer\"><\/div>\n\n\n\n<div class=\"wp-block-group alignfull mb-0 is-layout-constrained wp-block-group-is-layout-constrained\"><div class=\"gb-container gb-container-4a37713d\">\n\n<h4 class=\"wp-block-heading alignfull has-text-align-center animated fadeIn has-large-font-size\">other topics for you...<\/h4>\n\n<\/div>\n\n\n<div style=\"height:20px\" aria-hidden=\"true\" class=\"wp-block-spacer\"><\/div>\n\n\n\n<div class=\"wp-block-columns alignfull is-layout-flex wp-container-core-columns-is-layout-d7d455e7 wp-block-columns-is-layout-flex\" style=\"padding-top:0;padding-right:0;padding-bottom:0;padding-left:0\">\n<div class=\"wp-block-column flip-box is-layout-flow wp-block-column-is-layout-flow\">\n<div class=\"wp-block-group animated fadeIn is-layout-constrained wp-container-core-group-is-layout-adeeb09d wp-block-group-is-layout-constrained\" style=\"padding-top:0;padding-right:0;padding-bottom:0;padding-left:0\">\n<figure class=\"wp-block-image aligncenter size-thumbnail has-custom-border is-style-default\"><a href=\"https:\/\/rvk-fotografie.de\/en\/baby-fotoshooting\/\"><img decoding=\"async\" width=\"150\" height=\"150\" src=\"https:\/\/rvk-fotografie.de\/wp-content\/uploads\/2017\/04\/babyfotografie-hamburg-14-150x150.jpg\" alt=\"Lachendes Babygesicht beim Baby Fotoshooting mit dem Tageslicht\" class=\"has-border-color has-palette-color-2-border-color wp-image-6800\" style=\"border-width:8px;border-radius:100px\"\/><\/a><\/figure>\n\n\n\n<p class=\"has-text-align-center\"><a href=\"https:\/\/rvk-fotografie.de\/en\/baby-fotoshooting\/\" data-type=\"page\" data-id=\"11271\">Natural baby photo shoot at home in Hamburg<\/a><\/p>\n<\/div>\n<\/div>\n\n\n\n<div class=\"wp-block-column is-layout-flow wp-block-column-is-layout-flow\">\n<div class=\"wp-block-group animated fadeIn is-layout-constrained wp-container-core-group-is-layout-adeeb09d wp-block-group-is-layout-constrained\" style=\"padding-top:0;padding-right:0;padding-bottom:0;padding-left:0\">\n<figure class=\"wp-block-image aligncenter size-thumbnail has-custom-border is-style-default\"><a href=\"https:\/\/rvk-fotografie.de\/en\/hochzeitsfotograf-hamburg\/\"><img decoding=\"async\" width=\"150\" height=\"150\" src=\"https:\/\/rvk-fotografie.de\/wp-content\/uploads\/2017\/03\/hochzeitsreportage-hamburg-hochzeitsfotograf-42-150x150.jpg\" alt=\"Der Br\u00e4utigam hilft seiner Braut in ein Ruderboot am Bobby Reich Bootsteg an der Au\u00dfenalster in Harvestehude beim Hochzeitsfotograf Hamburg\" class=\"has-border-color has-palette-color-2-border-color wp-image-8317\" style=\"border-width:8px;border-radius:100px\"\/><\/a><\/figure>\n\n\n\n<p class=\"has-text-align-center\"><a href=\"https:\/\/rvk-fotografie.de\/en\/hochzeitsfotograf-hamburg\/\" data-type=\"page\" data-id=\"11273\">Wedding Photographer<\/a><\/p>\n<\/div>\n<\/div>\n\n\n\n<div class=\"wp-block-column is-layout-flow wp-block-column-is-layout-flow\">\n<div class=\"wp-block-group animated fadeIn is-layout-constrained wp-container-core-group-is-layout-adeeb09d wp-block-group-is-layout-constrained\" style=\"padding-top:0;padding-right:0;padding-bottom:0;padding-left:0\">\n<figure class=\"wp-block-image aligncenter size-thumbnail has-custom-border is-style-default\"><a href=\"https:\/\/rvk-fotografie.de\/en\/kinderfotografie\/\"><img decoding=\"async\" width=\"150\" height=\"150\" src=\"https:\/\/rvk-fotografie.de\/wp-content\/uploads\/2017\/03\/kinderfotografie-hamburg-35-150x150.jpg\" alt=\"Lachender Junge bei der Kinderfotografie zuhause in Hamburg Altona\" class=\"has-border-color has-palette-color-2-border-color wp-image-7133\" style=\"border-width:8px;border-radius:100px\"\/><\/a><\/figure>\n\n\n\n<p class=\"has-text-align-center\"><a href=\"https:\/\/rvk-fotografie.de\/en\/kinderfotografie\/\" data-type=\"page\" data-id=\"13812\">Authentic children's photography in Hamburg<\/a><\/p>\n<\/div>\n<\/div>\n\n\n\n<div class=\"wp-block-column is-layout-flow wp-block-column-is-layout-flow\">\n<div class=\"wp-block-group animated fadeIn is-layout-constrained wp-container-core-group-is-layout-adeeb09d wp-block-group-is-layout-constrained\" style=\"padding-top:0;padding-right:0;padding-bottom:0;padding-left:0\">\n<figure class=\"wp-block-image aligncenter size-thumbnail has-custom-border is-style-default\"><a href=\"https:\/\/rvk-fotografie.de\/en\/babybauch-shooting-hamburg\/\"><img decoding=\"async\" width=\"150\" height=\"150\" src=\"https:\/\/rvk-fotografie.de\/wp-content\/uploads\/2022\/10\/babybauchfotos-hamburg-8-150x150.jpg\" alt=\"Mama steht im Wasser vom See mit ihren H\u00e4nden anm Babybauch bei den Babybauchfotos in Hamburg outdoor in der Natur\" class=\"has-border-color has-palette-color-2-border-color wp-image-17272\" style=\"border-width:8px;border-radius:100px\"\/><\/a><\/figure>\n\n\n\n<p class=\"has-text-align-center\"><a href=\"https:\/\/rvk-fotografie.de\/en\/babybauch-shooting-hamburg\/\" data-type=\"page\" data-id=\"13680\">Exclusive pregnancy photo shoot outdoor<\/a><\/p>\n<\/div>\n<\/div>\n<\/div>\n<\/div>","protected":false},"excerpt":{"rendered":"<p>Preise Fotoshootings mit Ralph von Kaufmann f\u00fcr Babyfotos, Kinderfotos, Familienfotos, Hochzeitsfotos, Schwangerschaftsfotos<\/p>","protected":false},"author":5,"featured_media":20416,"parent":0,"menu_order":0,"comment_status":"closed","ping_status":"closed","template":"","meta":{"footnotes":""},"class_list":["post-14557","page","type-page","status-publish","has-post-thumbnail","hentry"],"blocksy_meta":{"styles_descriptor":{"styles":{"desktop":"","tablet":"","mobile":""},"google_fonts":[],"version":6}},"_links":{"self":[{"href":"https:\/\/rvk-fotografie.de\/en\/wp-json\/wp\/v2\/pages\/14557","targetHints":{"allow":["GET"]}}],"collection":[{"href":"https:\/\/rvk-fotografie.de\/en\/wp-json\/wp\/v2\/pages"}],"about":[{"href":"https:\/\/rvk-fotografie.de\/en\/wp-json\/wp\/v2\/types\/page"}],"author":[{"embeddable":true,"href":"https:\/\/rvk-fotografie.de\/en\/wp-json\/wp\/v2\/users\/5"}],"replies":[{"embeddable":true,"href":"https:\/\/rvk-fotografie.de\/en\/wp-json\/wp\/v2\/comments?post=14557"}],"version-history":[{"count":35,"href":"https:\/\/rvk-fotografie.de\/en\/wp-json\/wp\/v2\/pages\/14557\/revisions"}],"predecessor-version":[{"id":20768,"href":"https:\/\/rvk-fotografie.de\/en\/wp-json\/wp\/v2\/pages\/14557\/revisions\/20768"}],"wp:featuredmedia":[{"embeddable":true,"href":"https:\/\/rvk-fotografie.de\/en\/wp-json\/wp\/v2\/media\/20416"}],"wp:attachment":[{"href":"https:\/\/rvk-fotografie.de\/en\/wp-json\/wp\/v2\/media?parent=14557"}],"curies":[{"name":"wp","href":"https:\/\/api.w.org\/{rel}","templated":true}]}}