{"id":16438,"date":"2022-09-26T17:31:16","date_gmt":"2022-09-26T17:31:16","guid":{"rendered":"https:\/\/rvk-fotografie.de\/?page_id=16438"},"modified":"2025-11-22T18:46:36","modified_gmt":"2025-11-22T18:46:36","slug":"geschenkgutschein","status":"publish","type":"page","link":"https:\/\/rvk-fotografie.de\/en\/geschenkgutschein\/","title":{"rendered":"Geschenkgutschein"},"content":{"rendered":"<div class=\"gb-container gb-container-eb307058\"><div class=\"gb-inside-container\">\n\n<div style=\"height:30px\" aria-hidden=\"true\" class=\"wp-block-spacer\"><\/div>\n\n\n\n<h1 class=\"wp-block-heading animated fadeIn has-palette-color-4-color has-text-color\">Gift voucher for a photo shoot<\/h1>\n\n\n\n<p class=\"animated fadeIn delay-100ms has-palette-color-4-color has-text-color has-medium-font-size\">Give photographs that will be remembered for a lifetime and bring joy: Here you can give joy to family, friends and acquaintances. <\/p>\n\n\n\n<p class=\"animated fadeIn delay-200ms has-palette-color-4-color has-text-color has-medium-font-size\">I make gift cards for you on fine art paper in postcard format. <\/p>\n\n\n\n<h2 class=\"wp-block-heading has-text-align-left\">You can reach me directly<\/h2>\n\n\n\n<hr class=\"wp-block-separator has-text-color has-palette-color-2-color has-alpha-channel-opacity has-palette-color-2-background-color has-background is-style-wide\"\/>\n\n\n\n<div style=\"height:30px\" aria-hidden=\"true\" class=\"wp-block-spacer\"><\/div>\n\n\n\n<p class=\"has-text-align-left has-large-font-size\">Mobil: <span id=\"eeb-848477-432571\"><\/span><script type=\"text\/javascript\">(function() {var ml=\"73-86501\",mi=\"670124103135\",o=\"\";for(var j=0,l=mi.length;j<l;j++) {o+=ml.charAt(mi.charCodeAt(j)-48);}document.getElementById(\"eeb-848477-432571\").innerHTML = decodeURIComponent(o);}());<\/script><noscript>*protected email*<\/noscript><\/p>\n\n\n\n<hr class=\"wp-block-separator has-text-color has-palette-color-2-color has-alpha-channel-opacity has-palette-color-2-background-color has-background is-style-wide\"\/>\n\n\n\n<div style=\"height:30px\" aria-hidden=\"true\" class=\"wp-block-spacer\"><\/div>\n\n\n\n<p class=\"has-text-align-left has-large-font-size\">WhatsApp: <span id=\"eeb-178029-959326\"><\/span><script type=\"text\/javascript\">(function() {var ml=\"157-6803\",mi=\"602734725751\",o=\"\";for(var j=0,l=mi.length;j<l;j++) {o+=ml.charAt(mi.charCodeAt(j)-48);}document.getElementById(\"eeb-178029-959326\").innerHTML = decodeURIComponent(o);}());<\/script><noscript>*protected email*<\/noscript><\/p>\n\n\n\n<hr class=\"wp-block-separator has-text-color has-palette-color-2-color has-alpha-channel-opacity has-palette-color-2-background-color has-background is-style-wide\"\/>\n\n\n\n<div style=\"height:30px\" aria-hidden=\"true\" class=\"wp-block-spacer\"><\/div>\n\n\n\n<p class=\"has-text-align-left has-large-font-size\">Email: <span id=\"eeb-830860-609773\"><\/span><script type=\"text\/javascript\">(function() {var ml=\"tf4-ogi.ekda%vr0\",mi=\"1404<2?>=9314045>;1687:8\",o=\"\";for(var j=0,l=mi.length;j<l;j++) {o+=ml.charAt(mi.charCodeAt(j)-48);}document.getElementById(\"eeb-830860-609773\").innerHTML = decodeURIComponent(o);}());<\/script><noscript>*protected email*<\/noscript><\/p>\n\n\n\n<hr class=\"wp-block-separator has-text-color has-palette-color-2-color has-alpha-channel-opacity has-palette-color-2-background-color has-background is-style-wide\"\/>\n\n\n\n<div style=\"height:30px\" aria-hidden=\"true\" class=\"wp-block-spacer\"><\/div>\n\n\n\n<p class=\"has-text-align-left animated fadeIn has-large-font-size\">feel free to use the contact form<\/p>\n\n\n<form action=\"https:\/\/rvk-fotografie.de\/en\/wp-json\/ws-form\/v1\/submit\" class=\"wsf-form wsf-form-canvas\" id=\"ws-form-1\" data-id=\"5\" method=\"POST\" data-instance-id=\"1\" data-wsf-style-id=\"1\" data-trp-original-action=\"https:\/\/rvk-fotografie.de\/en\/wp-json\/ws-form\/v1\/submit\"><input type=\"hidden\" name=\"trp-form-language\" value=\"en\"\/><\/form>\n\n\n<div class=\"gb-container gb-container-cf89a7bd\"><div class=\"gb-inside-container\">\n\n<p class=\"animated fadeIn has-palette-color-4-color has-text-color has-medium-font-size\">I will send gift vouchers to the address of your choice as soon as I have received your payment.<\/p>\n\n<\/div><\/div>\n<\/div><\/div>\n\n\n<div class=\"wp-block-group alignfull mb-0 is-layout-constrained wp-block-group-is-layout-constrained\"><div class=\"gb-container gb-container-4a37713d\">\n\n<h4 class=\"wp-block-heading alignfull has-text-align-center animated fadeIn has-large-font-size\">other topics for you...<\/h4>\n\n<\/div>\n\n\n<div style=\"height:20px\" aria-hidden=\"true\" class=\"wp-block-spacer\"><\/div>\n\n\n\n<div class=\"wp-block-columns alignfull is-layout-flex wp-container-core-columns-is-layout-d7d455e7 wp-block-columns-is-layout-flex\" style=\"padding-top:0;padding-right:0;padding-bottom:0;padding-left:0\">\n<div class=\"wp-block-column flip-box is-layout-flow wp-block-column-is-layout-flow\">\n<div class=\"wp-block-group animated fadeIn is-layout-constrained wp-container-core-group-is-layout-adeeb09d wp-block-group-is-layout-constrained\" style=\"padding-top:0;padding-right:0;padding-bottom:0;padding-left:0\">\n<figure class=\"wp-block-image aligncenter size-thumbnail has-custom-border is-style-default\"><a href=\"https:\/\/rvk-fotografie.de\/en\/baby-fotoshooting\/\"><img decoding=\"async\" width=\"150\" height=\"150\" src=\"https:\/\/rvk-fotografie.de\/wp-content\/uploads\/2017\/04\/babyfotografie-hamburg-14-150x150.jpg\" alt=\"Lachendes Babygesicht beim Baby Fotoshooting mit dem Tageslicht\" class=\"has-border-color has-palette-color-2-border-color wp-image-6800\" style=\"border-width:8px;border-radius:100px\"\/><\/a><\/figure>\n\n\n\n<p class=\"has-text-align-center\"><a href=\"https:\/\/rvk-fotografie.de\/en\/baby-fotoshooting\/\" data-type=\"page\" data-id=\"11271\">Natural baby photo shoot at home in Hamburg<\/a><\/p>\n<\/div>\n<\/div>\n\n\n\n<div class=\"wp-block-column is-layout-flow wp-block-column-is-layout-flow\">\n<div class=\"wp-block-group animated fadeIn is-layout-constrained wp-container-core-group-is-layout-adeeb09d wp-block-group-is-layout-constrained\" style=\"padding-top:0;padding-right:0;padding-bottom:0;padding-left:0\">\n<figure class=\"wp-block-image aligncenter size-thumbnail has-custom-border is-style-default\"><a href=\"https:\/\/rvk-fotografie.de\/en\/hochzeitsfotograf-hamburg\/\"><img decoding=\"async\" width=\"150\" height=\"150\" src=\"https:\/\/rvk-fotografie.de\/wp-content\/uploads\/2017\/03\/hochzeitsreportage-hamburg-hochzeitsfotograf-42-150x150.jpg\" alt=\"Der Br\u00e4utigam hilft seiner Braut in ein Ruderboot am Bobby Reich Bootsteg an der Au\u00dfenalster in Harvestehude beim Hochzeitsfotograf Hamburg\" class=\"has-border-color has-palette-color-2-border-color wp-image-8317\" style=\"border-width:8px;border-radius:100px\"\/><\/a><\/figure>\n\n\n\n<p class=\"has-text-align-center\"><a href=\"https:\/\/rvk-fotografie.de\/en\/hochzeitsfotograf-hamburg\/\" data-type=\"page\" data-id=\"11273\">Wedding Photographer<\/a><\/p>\n<\/div>\n<\/div>\n\n\n\n<div class=\"wp-block-column is-layout-flow wp-block-column-is-layout-flow\">\n<div class=\"wp-block-group animated fadeIn is-layout-constrained wp-container-core-group-is-layout-adeeb09d wp-block-group-is-layout-constrained\" style=\"padding-top:0;padding-right:0;padding-bottom:0;padding-left:0\">\n<figure class=\"wp-block-image aligncenter size-thumbnail has-custom-border is-style-default\"><a href=\"https:\/\/rvk-fotografie.de\/en\/kinderfotografie\/\"><img decoding=\"async\" width=\"150\" height=\"150\" src=\"https:\/\/rvk-fotografie.de\/wp-content\/uploads\/2017\/03\/kinderfotografie-hamburg-35-150x150.jpg\" alt=\"Lachender Junge bei der Kinderfotografie zuhause in Hamburg Altona\" class=\"has-border-color has-palette-color-2-border-color wp-image-7133\" style=\"border-width:8px;border-radius:100px\"\/><\/a><\/figure>\n\n\n\n<p class=\"has-text-align-center\"><a href=\"https:\/\/rvk-fotografie.de\/en\/kinderfotografie\/\" data-type=\"page\" data-id=\"13812\">Authentic children's photography in Hamburg<\/a><\/p>\n<\/div>\n<\/div>\n\n\n\n<div class=\"wp-block-column is-layout-flow wp-block-column-is-layout-flow\">\n<div class=\"wp-block-group animated fadeIn is-layout-constrained wp-container-core-group-is-layout-adeeb09d wp-block-group-is-layout-constrained\" style=\"padding-top:0;padding-right:0;padding-bottom:0;padding-left:0\">\n<figure class=\"wp-block-image aligncenter size-thumbnail has-custom-border is-style-default\"><a href=\"https:\/\/rvk-fotografie.de\/en\/babybauch-shooting-hamburg\/\"><img decoding=\"async\" width=\"150\" height=\"150\" src=\"https:\/\/rvk-fotografie.de\/wp-content\/uploads\/2022\/10\/babybauchfotos-hamburg-8-150x150.jpg\" alt=\"Mama steht im Wasser vom See mit ihren H\u00e4nden anm Babybauch bei den Babybauchfotos in Hamburg outdoor in der Natur\" class=\"has-border-color has-palette-color-2-border-color wp-image-17272\" style=\"border-width:8px;border-radius:100px\"\/><\/a><\/figure>\n\n\n\n<p class=\"has-text-align-center\"><a href=\"https:\/\/rvk-fotografie.de\/en\/babybauch-shooting-hamburg\/\" data-type=\"page\" data-id=\"13680\">Exclusive pregnancy photo shoot outdoor<\/a><\/p>\n<\/div>\n<\/div>\n<\/div>\n<\/div>","protected":false},"excerpt":{"rendered":"<p>Geschenkgutschein f\u00fcr ein Fotoshooting Fotografien verschenken, die ein Leben lang in Erinnerung bleiben und Freude bereiten: Hier k\u00f6nnt ihr Freude an Familie, Freunde und Bekannte verschenken. Ich fertige f\u00fcr euch Geschenkkarten auf Fine Art Papier im Postkartenformat. So erreicht ihr mich schnell &amp; direkt Mobil: WhatsApp: Email: oder verwendet das Kontaktformular Geschenkgutscheine versende ich sofort [&hellip;]<\/p>\n","protected":false},"author":5,"featured_media":0,"parent":0,"menu_order":0,"comment_status":"closed","ping_status":"closed","template":"","meta":{"footnotes":""},"class_list":["post-16438","page","type-page","status-publish","hentry"],"blocksy_meta":{"styles_descriptor":{"styles":{"desktop":"","tablet":"","mobile":""},"google_fonts":[],"version":6}},"_links":{"self":[{"href":"https:\/\/rvk-fotografie.de\/en\/wp-json\/wp\/v2\/pages\/16438","targetHints":{"allow":["GET"]}}],"collection":[{"href":"https:\/\/rvk-fotografie.de\/en\/wp-json\/wp\/v2\/pages"}],"about":[{"href":"https:\/\/rvk-fotografie.de\/en\/wp-json\/wp\/v2\/types\/page"}],"author":[{"embeddable":true,"href":"https:\/\/rvk-fotografie.de\/en\/wp-json\/wp\/v2\/users\/5"}],"replies":[{"embeddable":true,"href":"https:\/\/rvk-fotografie.de\/en\/wp-json\/wp\/v2\/comments?post=16438"}],"version-history":[{"count":8,"href":"https:\/\/rvk-fotografie.de\/en\/wp-json\/wp\/v2\/pages\/16438\/revisions"}],"predecessor-version":[{"id":20736,"href":"https:\/\/rvk-fotografie.de\/en\/wp-json\/wp\/v2\/pages\/16438\/revisions\/20736"}],"wp:attachment":[{"href":"https:\/\/rvk-fotografie.de\/en\/wp-json\/wp\/v2\/media?parent=16438"}],"curies":[{"name":"wp","href":"https:\/\/api.w.org\/{rel}","templated":true}]}}