{"id":16448,"date":"2022-09-27T16:36:41","date_gmt":"2022-09-27T16:36:41","guid":{"rendered":"https:\/\/rvk-fotografie.de\/?page_id=16448"},"modified":"2024-07-05T09:41:09","modified_gmt":"2024-07-05T09:41:09","slug":"nachricht-hochzeit","status":"publish","type":"page","link":"https:\/\/rvk-fotografie.de\/en\/nachricht-hochzeit\/","title":{"rendered":"Nachricht zur Hochzeit"},"content":{"rendered":"<div class=\"gb-container gb-container-72451f08\"><div class=\"gb-inside-container\">\n\n<h1 class=\"wp-block-heading has-text-align-center animated fadeIn\">Let me know<\/h1>\n\n\n\n<p class=\"animated fadeIn has-medium-font-size\">when and where you are planning your wedding and from when to when you would like me to be there<\/p>\n\n\n<form action=\"https:\/\/rvk-fotografie.de\/en\/wp-json\/ws-form\/v1\/submit\" class=\"wsf-form wsf-form-canvas\" id=\"ws-form-1\" data-id=\"3\" method=\"POST\" data-instance-id=\"1\" data-wsf-style-id=\"1\" data-trp-original-action=\"https:\/\/rvk-fotografie.de\/en\/wp-json\/ws-form\/v1\/submit\"><input type=\"hidden\" name=\"trp-form-language\" value=\"en\"\/><\/form>\n\n<\/div><\/div>\n\n\n<div style=\"height:100px\" aria-hidden=\"true\" class=\"wp-block-spacer\"><\/div>\n\n\n\n<div class=\"wp-block-group alignfull mb-0 is-layout-constrained wp-block-group-is-layout-constrained\"><div class=\"gb-container gb-container-4a37713d\">\n\n<h4 class=\"wp-block-heading alignfull has-text-align-center animated fadeIn has-large-font-size\">other topics for you...<\/h4>\n\n<\/div>\n\n\n<div style=\"height:20px\" aria-hidden=\"true\" class=\"wp-block-spacer\"><\/div>\n\n\n\n<div class=\"wp-block-columns alignfull is-layout-flex wp-container-core-columns-is-layout-d7d455e7 wp-block-columns-is-layout-flex\" style=\"padding-top:0;padding-right:0;padding-bottom:0;padding-left:0\">\n<div class=\"wp-block-column flip-box is-layout-flow wp-block-column-is-layout-flow\">\n<div class=\"wp-block-group animated fadeIn is-layout-constrained wp-container-core-group-is-layout-adeeb09d wp-block-group-is-layout-constrained\" style=\"padding-top:0;padding-right:0;padding-bottom:0;padding-left:0\">\n<figure class=\"wp-block-image aligncenter size-thumbnail has-custom-border is-style-default\"><a href=\"https:\/\/rvk-fotografie.de\/en\/baby-fotoshooting\/\"><img decoding=\"async\" width=\"150\" height=\"150\" src=\"https:\/\/rvk-fotografie.de\/wp-content\/uploads\/2017\/04\/babyfotografie-hamburg-14-150x150.jpg\" alt=\"Lachendes Babygesicht beim Baby Fotoshooting mit dem Tageslicht\" class=\"has-border-color has-palette-color-2-border-color wp-image-6800\" style=\"border-width:8px;border-radius:100px\"\/><\/a><\/figure>\n\n\n\n<p class=\"has-text-align-center\"><a href=\"https:\/\/rvk-fotografie.de\/en\/baby-fotoshooting\/\" data-type=\"page\" data-id=\"11271\">Natural baby photo shoot at home in Hamburg<\/a><\/p>\n<\/div>\n<\/div>\n\n\n\n<div class=\"wp-block-column is-layout-flow wp-block-column-is-layout-flow\">\n<div class=\"wp-block-group animated fadeIn is-layout-constrained wp-container-core-group-is-layout-adeeb09d wp-block-group-is-layout-constrained\" style=\"padding-top:0;padding-right:0;padding-bottom:0;padding-left:0\">\n<figure class=\"wp-block-image aligncenter size-thumbnail has-custom-border is-style-default\"><a href=\"https:\/\/rvk-fotografie.de\/en\/dankeskarten-geburt\/\"><img decoding=\"async\" width=\"150\" height=\"150\" src=\"https:\/\/rvk-fotografie.de\/wp-content\/uploads\/2023\/06\/fine-art-geburtskarte-hamburg-0605-1-150x150.jpg\" alt=\"Baby Dankeskarten und Geburtskarten auf Fine Art Papier aus Baumwolle von rvk-fotografie.de in Hamburg\" class=\"has-border-color has-palette-color-2-border-color wp-image-20358\" style=\"border-width:8px;border-radius:100px\"\/><\/a><\/figure>\n\n\n\n<p class=\"has-text-align-center\"><a href=\"https:\/\/rvk-fotografie.de\/en\/dankeskarten-geburt\/\" data-type=\"page\" data-id=\"11273\">Hochzeitskarten aus dem Fine Art Atelier<\/a><\/p>\n<\/div>\n<\/div>\n\n\n\n<div class=\"wp-block-column is-layout-flow wp-block-column-is-layout-flow\">\n<div class=\"wp-block-group animated fadeIn is-layout-constrained wp-container-core-group-is-layout-adeeb09d wp-block-group-is-layout-constrained\" style=\"padding-top:0;padding-right:0;padding-bottom:0;padding-left:0\">\n<figure class=\"wp-block-image aligncenter size-thumbnail has-custom-border is-style-default\"><a href=\"https:\/\/rvk-fotografie.de\/en\/kinderfotografie\/\"><img decoding=\"async\" width=\"150\" height=\"150\" src=\"https:\/\/rvk-fotografie.de\/wp-content\/uploads\/2017\/03\/kinderfotografie-hamburg-35-150x150.jpg\" alt=\"Lachender Junge bei der Kinderfotografie zuhause in Hamburg Altona\" class=\"has-border-color has-palette-color-2-border-color wp-image-7133\" style=\"border-width:8px;border-radius:100px\"\/><\/a><\/figure>\n\n\n\n<p class=\"has-text-align-center\"><a href=\"https:\/\/rvk-fotografie.de\/en\/kinderfotografie\/\" data-type=\"page\" data-id=\"13812\">Authentic children's photography in Hamburg<\/a><\/p>\n<\/div>\n<\/div>\n\n\n\n<div class=\"wp-block-column is-layout-flow wp-block-column-is-layout-flow\">\n<div class=\"wp-block-group animated fadeIn is-layout-constrained wp-container-core-group-is-layout-adeeb09d wp-block-group-is-layout-constrained\" style=\"padding-top:0;padding-right:0;padding-bottom:0;padding-left:0\">\n<figure class=\"wp-block-image aligncenter size-thumbnail has-custom-border is-style-default\"><a href=\"https:\/\/rvk-fotografie.de\/en\/babybauch-shooting-hamburg\/\"><img decoding=\"async\" width=\"150\" height=\"150\" src=\"https:\/\/rvk-fotografie.de\/wp-content\/uploads\/2022\/10\/babybauchfotos-hamburg-8-150x150.jpg\" alt=\"Mama steht im Wasser vom See mit ihren H\u00e4nden anm Babybauch bei den Babybauchfotos in Hamburg outdoor in der Natur\" class=\"has-border-color has-palette-color-2-border-color wp-image-17272\" style=\"border-width:8px;border-radius:100px\"\/><\/a><\/figure>\n\n\n\n<p class=\"has-text-align-center\"><a href=\"https:\/\/rvk-fotografie.de\/en\/babybauch-shooting-hamburg\/\" data-type=\"page\" data-id=\"13680\">Exclusive pregnancy photo shoot outdoor<\/a><\/p>\n<\/div>\n<\/div>\n<\/div>\n<\/div>","protected":false},"excerpt":{"rendered":"<p>Schreibt mir f\u00fcr wann und wo ihr eure Hochzeit plant und von wann bis wann ihr mich dabei haben m\u00f6chtet andere Themen f\u00fcr dich&#8230; Nat\u00fcrliches Baby Fotoshooting zuhause in Hamburg Hochzeitskarten aus dem Fine Art Atelier Authentische Kinderfotografie in Hamburg Exklusives Babybauch Shooting in der Natur<\/p>","protected":false},"author":5,"featured_media":0,"parent":0,"menu_order":0,"comment_status":"closed","ping_status":"closed","template":"","meta":{"footnotes":""},"class_list":["post-16448","page","type-page","status-publish","hentry"],"blocksy_meta":{"styles_descriptor":{"styles":{"desktop":"","tablet":"","mobile":""},"google_fonts":[],"version":6}},"_links":{"self":[{"href":"https:\/\/rvk-fotografie.de\/en\/wp-json\/wp\/v2\/pages\/16448","targetHints":{"allow":["GET"]}}],"collection":[{"href":"https:\/\/rvk-fotografie.de\/en\/wp-json\/wp\/v2\/pages"}],"about":[{"href":"https:\/\/rvk-fotografie.de\/en\/wp-json\/wp\/v2\/types\/page"}],"author":[{"embeddable":true,"href":"https:\/\/rvk-fotografie.de\/en\/wp-json\/wp\/v2\/users\/5"}],"replies":[{"embeddable":true,"href":"https:\/\/rvk-fotografie.de\/en\/wp-json\/wp\/v2\/comments?post=16448"}],"version-history":[{"count":8,"href":"https:\/\/rvk-fotografie.de\/en\/wp-json\/wp\/v2\/pages\/16448\/revisions"}],"predecessor-version":[{"id":20635,"href":"https:\/\/rvk-fotografie.de\/en\/wp-json\/wp\/v2\/pages\/16448\/revisions\/20635"}],"wp:attachment":[{"href":"https:\/\/rvk-fotografie.de\/en\/wp-json\/wp\/v2\/media?parent=16448"}],"curies":[{"name":"wp","href":"https:\/\/api.w.org\/{rel}","templated":true}]}}